{"id":142292,"date":"2026-02-18T11:45:08","date_gmt":"2026-02-18T11:45:08","guid":{"rendered":"https:\/\/lesabre.pl\/sklep\/arceau-ar5-710-brown-dial-38-mm\/"},"modified":"2026-03-17T12:25:19","modified_gmt":"2026-03-17T12:25:19","slug":"arceau-ar5-710-brown-dial-38-mm","status":"publish","type":"product","link":"https:\/\/lesabre.pl\/en\/sklep\/arceau-ar5-710-brown-dial-38-mm\/","title":{"rendered":"Arceau AR5.710 Brown Dial 38 mm"},"content":{"rendered":"<div class=\"item item-6\">\n<section class=\"text-item\">\n<section class=\"text-item\">Original used watch. The Herm\u00e8s Arceau is an elegant, timeless <strong data-start=\"162\" data-end=\"172\">timepiece<\/strong> from the classic <strong data-start=\"162\" data-end=\"172\">Arceau<\/strong> line, a silhouette that has been a symbol of the brand for years. <strong data-start=\"213\" data-end=\"254\"><span class=\"hover:entity-accent entity-underline inline cursor-pointer align-baseline\"><span class=\"whitespace-normal\">Herm\u00e8s<\/span><\/span><\/strong> combining haute couture with fine watchmaking. This model is distinguished by its subtle aesthetics, round case and refined, minimalist character, which is perfect for both formal styling and everyday wear Water resistance The manufacturer has specified up to 100 meters.    <strong>The reference number is AR5.710.<\/strong>  Includes full set, box and documents.  <strong>First sale in 2015.<\/strong><\/section>\n<section><\/section>\n<section class=\"text-item\"><b>Herm\u00e8s is known as<\/b> a luxury French fashion house, founded by Thierry Herm\u00e8s in 1837 in Paris, France<sup id=\"cite_ref-2\" class=\"reference\"><\/sup> The company is headquartered on Rue du Faubourg Saint-Honor\u00e9, located in the 8th arrondissement. <\/section>\n<\/section>\n<\/div>\n","protected":false},"excerpt":{"rendered":"<p>Original used watch. The Herm\u00e8s Arceau is an elegant, timeless timepiece from the classic Arceau line, a silhouette that has been a symbol of the brand for years. Herm\u00e8s combining haute couture with fine watchmaking. This model is distinguished by its subtle aesthetics, round case and refined, minimalist character, which is perfect for both formal [&hellip;]<\/p>\n","protected":false},"featured_media":142330,"template":"","meta":{"content-type":"","jetpack_publicize_message":"","jetpack_publicize_feature_enabled":true,"jetpack_social_post_already_shared":true,"jetpack_social_options":{"image_generator_settings":{"template":"highway","default_image_id":0,"font":"","enabled":false},"version":2}},"product_brand":[],"product_cat":[2382,2371],"product_tag":[],"class_list":{"0":"post-142292","1":"product","2":"type-product","3":"status-publish","4":"has-post-thumbnail","6":"product_cat-watches-for-ladies","7":"product_cat-watches-for-men","8":"pa_marka-hermes","9":"pa_stan-zegarka-used","10":"pa_zawartosc-oferty-box-and-documents","12":"first","13":"instock","14":"sold-individually","15":"shipping-taxable","16":"purchasable","17":"product-type-simple"},"yoast_head":"<!-- This site is optimized with the Yoast SEO plugin v27.1.1 - https:\/\/yoast.com\/product\/yoast-seo-wordpress\/ -->\n<title>Herm\u00e8s Arceau AR5.710 Brown Dial 38 mm - LeSabre<\/title>\n<meta name=\"description\" content=\"Herm\u00e8s is known as a luxury French fashion house, founded by Thierry Herm\u00e8s in 1837 in Paris, France The company&#039;s headquarters are located on Rue du Faubourg Saint-Honor\u00e9, located in the 8th arrondissement.\" \/>\n<meta name=\"robots\" content=\"index, follow, max-snippet:-1, max-image-preview:large, max-video-preview:-1\" \/>\n<link rel=\"canonical\" href=\"https:\/\/lesabre.pl\/en\/sklep\/arceau-ar5-710-brown-dial-38-mm\/\" \/>\n<meta property=\"og:locale\" content=\"en_US\" \/>\n<meta property=\"og:type\" content=\"article\" \/>\n<meta property=\"og:title\" content=\"Herm\u00e8s Arceau AR5.710 Brown Dial 38 mm - LeSabre\" \/>\n<meta property=\"og:description\" content=\"Herm\u00e8s is known as a luxury French fashion house, founded by Thierry Herm\u00e8s in 1837 in Paris, France The company&#039;s headquarters are located on Rue du Faubourg Saint-Honor\u00e9, located in the 8th arrondissement.\" \/>\n<meta property=\"og:url\" content=\"https:\/\/lesabre.pl\/en\/sklep\/arceau-ar5-710-brown-dial-38-mm\/\" \/>\n<meta property=\"og:site_name\" content=\"LeSabre\" \/>\n<meta property=\"article:modified_time\" content=\"2026-03-17T12:25:19+00:00\" \/>\n<meta property=\"og:image\" content=\"https:\/\/lesabre.pl\/wp-content\/uploads\/2026\/02\/IMG_8098.jpg\" \/>\n<meta name=\"twitter:card\" content=\"summary_large_image\" \/>\n<meta name=\"twitter:label1\" content=\"Est. reading time\" \/>\n\t<meta name=\"twitter:data1\" content=\"1 minute\" \/>\n<script type=\"application\/ld+json\" class=\"yoast-schema-graph\">{\"@context\":\"https:\/\/schema.org\",\"@graph\":[{\"@type\":\"WebPage\",\"@id\":\"https:\/\/lesabre.pl\/en\/sklep\/arceau-ar5-710-brown-dial-38-mm\/\",\"url\":\"https:\/\/lesabre.pl\/en\/sklep\/arceau-ar5-710-brown-dial-38-mm\/\",\"name\":\"Herm\u00e8s Arceau AR5.710 Brown Dial 38 mm - LeSabre\",\"isPartOf\":{\"@id\":\"https:\/\/lesabre.pl\/en\/#website\"},\"primaryImageOfPage\":{\"@id\":\"https:\/\/lesabre.pl\/en\/sklep\/arceau-ar5-710-brown-dial-38-mm\/#primaryimage\"},\"image\":{\"@id\":\"https:\/\/lesabre.pl\/en\/sklep\/arceau-ar5-710-brown-dial-38-mm\/#primaryimage\"},\"thumbnailUrl\":\"https:\/\/lesabre.pl\/wp-content\/uploads\/2026\/02\/IMG_8097-Edytuj.jpg\",\"datePublished\":\"2026-02-18T11:45:08+00:00\",\"dateModified\":\"2026-03-17T12:25:19+00:00\",\"description\":\"Herm\u00e8s is known as a luxury French fashion house, founded by Thierry Herm\u00e8s in 1837 in Paris, France The company's headquarters are located on Rue du Faubourg Saint-Honor\u00e9, located in the 8th arrondissement.\",\"breadcrumb\":{\"@id\":\"https:\/\/lesabre.pl\/en\/sklep\/arceau-ar5-710-brown-dial-38-mm\/#breadcrumb\"},\"inLanguage\":\"en-US\",\"potentialAction\":[{\"@type\":\"ReadAction\",\"target\":[\"https:\/\/lesabre.pl\/en\/sklep\/arceau-ar5-710-brown-dial-38-mm\/\"]}]},{\"@type\":\"ImageObject\",\"inLanguage\":\"en-US\",\"@id\":\"https:\/\/lesabre.pl\/en\/sklep\/arceau-ar5-710-brown-dial-38-mm\/#primaryimage\",\"url\":\"https:\/\/lesabre.pl\/wp-content\/uploads\/2026\/02\/IMG_8097-Edytuj.jpg\",\"contentUrl\":\"https:\/\/lesabre.pl\/wp-content\/uploads\/2026\/02\/IMG_8097-Edytuj.jpg\",\"width\":1600,\"height\":1800},{\"@type\":\"BreadcrumbList\",\"@id\":\"https:\/\/lesabre.pl\/en\/sklep\/arceau-ar5-710-brown-dial-38-mm\/#breadcrumb\",\"itemListElement\":[{\"@type\":\"ListItem\",\"position\":1,\"name\":\"Strona g\u0142\u00f3wna\",\"item\":\"https:\/\/lesabre.pl\/en\/\"},{\"@type\":\"ListItem\",\"position\":2,\"name\":\"Shop EN\",\"item\":\"https:\/\/lesabre.pl\/shop-en\/?lang=en\"},{\"@type\":\"ListItem\",\"position\":3,\"name\":\"Arceau AR5.710 Brown Dial 38 mm\"}]},{\"@type\":\"WebSite\",\"@id\":\"https:\/\/lesabre.pl\/en\/#website\",\"url\":\"https:\/\/lesabre.pl\/en\/\",\"name\":\"LeSabre - Luxury Watches\",\"description\":\"Ekskluzywne i luksusowe zegarki, damskie i m\u0119skie. Oryginalne zegarki nowe i u\u017cywane\",\"publisher\":{\"@id\":\"https:\/\/lesabre.pl\/en\/#organization\"},\"alternateName\":\"LeSabre\",\"potentialAction\":[{\"@type\":\"SearchAction\",\"target\":{\"@type\":\"EntryPoint\",\"urlTemplate\":\"https:\/\/lesabre.pl\/en\/?s={search_term_string}\"},\"query-input\":{\"@type\":\"PropertyValueSpecification\",\"valueRequired\":true,\"valueName\":\"search_term_string\"}}],\"inLanguage\":\"en-US\"},{\"@type\":\"Organization\",\"@id\":\"https:\/\/lesabre.pl\/en\/#organization\",\"name\":\"Lesabre\",\"url\":\"https:\/\/lesabre.pl\/en\/\",\"logo\":{\"@type\":\"ImageObject\",\"inLanguage\":\"en-US\",\"@id\":\"https:\/\/lesabre.pl\/en\/#\/schema\/logo\/image\/\",\"url\":\"https:\/\/lesabre.pl\/wp-content\/uploads\/logo-do-reklamy.jpg\",\"contentUrl\":\"https:\/\/lesabre.pl\/wp-content\/uploads\/logo-do-reklamy.jpg\",\"width\":160,\"height\":160,\"caption\":\"Lesabre\"},\"image\":{\"@id\":\"https:\/\/lesabre.pl\/en\/#\/schema\/logo\/image\/\"}}]}<\/script>\n<!-- \/ Yoast SEO plugin. -->","yoast_head_json":{"title":"Herm\u00e8s Arceau AR5.710 Brown Dial 38 mm - LeSabre","description":"Herm\u00e8s is known as a luxury French fashion house, founded by Thierry Herm\u00e8s in 1837 in Paris, France The company's headquarters are located on Rue du Faubourg Saint-Honor\u00e9, located in the 8th arrondissement.","robots":{"index":"index","follow":"follow","max-snippet":"max-snippet:-1","max-image-preview":"max-image-preview:large","max-video-preview":"max-video-preview:-1"},"canonical":"https:\/\/lesabre.pl\/en\/sklep\/arceau-ar5-710-brown-dial-38-mm\/","og_locale":"en_US","og_type":"article","og_title":"Herm\u00e8s Arceau AR5.710 Brown Dial 38 mm - LeSabre","og_description":"Herm\u00e8s is known as a luxury French fashion house, founded by Thierry Herm\u00e8s in 1837 in Paris, France The company's headquarters are located on Rue du Faubourg Saint-Honor\u00e9, located in the 8th arrondissement.","og_url":"https:\/\/lesabre.pl\/en\/sklep\/arceau-ar5-710-brown-dial-38-mm\/","og_site_name":"LeSabre","article_modified_time":"2026-03-17T12:25:19+00:00","og_image":[{"url":"https:\/\/lesabre.pl\/wp-content\/uploads\/2026\/02\/IMG_8098.jpg","type":"","width":"","height":""}],"twitter_card":"summary_large_image","twitter_misc":{"Est. reading time":"1 minute"},"schema":{"@context":"https:\/\/schema.org","@graph":[{"@type":"WebPage","@id":"https:\/\/lesabre.pl\/en\/sklep\/arceau-ar5-710-brown-dial-38-mm\/","url":"https:\/\/lesabre.pl\/en\/sklep\/arceau-ar5-710-brown-dial-38-mm\/","name":"Herm\u00e8s Arceau AR5.710 Brown Dial 38 mm - LeSabre","isPartOf":{"@id":"https:\/\/lesabre.pl\/en\/#website"},"primaryImageOfPage":{"@id":"https:\/\/lesabre.pl\/en\/sklep\/arceau-ar5-710-brown-dial-38-mm\/#primaryimage"},"image":{"@id":"https:\/\/lesabre.pl\/en\/sklep\/arceau-ar5-710-brown-dial-38-mm\/#primaryimage"},"thumbnailUrl":"https:\/\/lesabre.pl\/wp-content\/uploads\/2026\/02\/IMG_8097-Edytuj.jpg","datePublished":"2026-02-18T11:45:08+00:00","dateModified":"2026-03-17T12:25:19+00:00","description":"Herm\u00e8s is known as a luxury French fashion house, founded by Thierry Herm\u00e8s in 1837 in Paris, France The company's headquarters are located on Rue du Faubourg Saint-Honor\u00e9, located in the 8th arrondissement.","breadcrumb":{"@id":"https:\/\/lesabre.pl\/en\/sklep\/arceau-ar5-710-brown-dial-38-mm\/#breadcrumb"},"inLanguage":"en-US","potentialAction":[{"@type":"ReadAction","target":["https:\/\/lesabre.pl\/en\/sklep\/arceau-ar5-710-brown-dial-38-mm\/"]}]},{"@type":"ImageObject","inLanguage":"en-US","@id":"https:\/\/lesabre.pl\/en\/sklep\/arceau-ar5-710-brown-dial-38-mm\/#primaryimage","url":"https:\/\/lesabre.pl\/wp-content\/uploads\/2026\/02\/IMG_8097-Edytuj.jpg","contentUrl":"https:\/\/lesabre.pl\/wp-content\/uploads\/2026\/02\/IMG_8097-Edytuj.jpg","width":1600,"height":1800},{"@type":"BreadcrumbList","@id":"https:\/\/lesabre.pl\/en\/sklep\/arceau-ar5-710-brown-dial-38-mm\/#breadcrumb","itemListElement":[{"@type":"ListItem","position":1,"name":"Strona g\u0142\u00f3wna","item":"https:\/\/lesabre.pl\/en\/"},{"@type":"ListItem","position":2,"name":"Shop EN","item":"https:\/\/lesabre.pl\/shop-en\/?lang=en"},{"@type":"ListItem","position":3,"name":"Arceau AR5.710 Brown Dial 38 mm"}]},{"@type":"WebSite","@id":"https:\/\/lesabre.pl\/en\/#website","url":"https:\/\/lesabre.pl\/en\/","name":"LeSabre - Luxury Watches","description":"Ekskluzywne i luksusowe zegarki, damskie i m\u0119skie. Oryginalne zegarki nowe i u\u017cywane","publisher":{"@id":"https:\/\/lesabre.pl\/en\/#organization"},"alternateName":"LeSabre","potentialAction":[{"@type":"SearchAction","target":{"@type":"EntryPoint","urlTemplate":"https:\/\/lesabre.pl\/en\/?s={search_term_string}"},"query-input":{"@type":"PropertyValueSpecification","valueRequired":true,"valueName":"search_term_string"}}],"inLanguage":"en-US"},{"@type":"Organization","@id":"https:\/\/lesabre.pl\/en\/#organization","name":"Lesabre","url":"https:\/\/lesabre.pl\/en\/","logo":{"@type":"ImageObject","inLanguage":"en-US","@id":"https:\/\/lesabre.pl\/en\/#\/schema\/logo\/image\/","url":"https:\/\/lesabre.pl\/wp-content\/uploads\/logo-do-reklamy.jpg","contentUrl":"https:\/\/lesabre.pl\/wp-content\/uploads\/logo-do-reklamy.jpg","width":160,"height":160,"caption":"Lesabre"},"image":{"@id":"https:\/\/lesabre.pl\/en\/#\/schema\/logo\/image\/"}}]}},"jetpack_publicize_connections":[],"jetpack_sharing_enabled":true,"_links":{"self":[{"href":"https:\/\/lesabre.pl\/en\/wp-json\/wp\/v2\/product\/142292","targetHints":{"allow":["GET"]}}],"collection":[{"href":"https:\/\/lesabre.pl\/en\/wp-json\/wp\/v2\/product"}],"about":[{"href":"https:\/\/lesabre.pl\/en\/wp-json\/wp\/v2\/types\/product"}],"wp:featuredmedia":[{"embeddable":true,"href":"https:\/\/lesabre.pl\/en\/wp-json\/wp\/v2\/media\/142330"}],"wp:attachment":[{"href":"https:\/\/lesabre.pl\/en\/wp-json\/wp\/v2\/media?parent=142292"}],"wp:term":[{"taxonomy":"product_brand","embeddable":true,"href":"https:\/\/lesabre.pl\/en\/wp-json\/wp\/v2\/product_brand?post=142292"},{"taxonomy":"product_cat","embeddable":true,"href":"https:\/\/lesabre.pl\/en\/wp-json\/wp\/v2\/product_cat?post=142292"},{"taxonomy":"product_tag","embeddable":true,"href":"https:\/\/lesabre.pl\/en\/wp-json\/wp\/v2\/product_tag?post=142292"}],"curies":[{"name":"wp","href":"https:\/\/api.w.org\/{rel}","templated":true}]}}