{"id":144549,"date":"2026-02-10T15:06:32","date_gmt":"2026-02-10T15:06:32","guid":{"rendered":"https:\/\/lesabre.pl\/sklep\/furtive-glorious-knight-chronograph-black-dial-ftv-chr-001-46-mm\/"},"modified":"2026-03-17T12:47:00","modified_gmt":"2026-03-17T12:47:00","slug":"furtive-glorious-knight-chronograph-black-dial-ftv-chr-001-46-mm","status":"publish","type":"product","link":"https:\/\/lesabre.pl\/en\/sklep\/furtive-glorious-knight-chronograph-black-dial-ftv-chr-001-46-mm\/","title":{"rendered":"Furtive Glorious Knight Chronograph Black Dial FTV.CHR.001 46 mm"},"content":{"rendered":"<p>Original watch, used watch &#8211; very good condition. This is a unique, modern watch inspired by the world of luxury, automotive and sports. This massive, expressive model is distinguished by its bold design, large case and dynamic styling, perfectly fitting into the segment of prestigious statement watches. It is an offer for those who are looking for an unconventional watch that emphasizes individual style.   <\/p>\n<p><strong>Reference number FTV.CHR.001.RFB <\/strong>Its function consists of a chronograph. The watch is made of steel. Water resistance is specified by the manufacturer to 50 meters. It comes with an original box and a warranty book.     <strong>First sale in 2023<\/strong><\/p>\n<p>The DeWitt brand was founded in 2003 by J\u00e9r\u00f4me de Witt, a continuation of the C\u00e9dric Johner brand, already a highly successful Swiss luxury watch manufacturer.<\/p>\n","protected":false},"excerpt":{"rendered":"<p>Original watch, used watch &#8211; very good condition. This is a unique, modern watch inspired by the world of luxury, automotive and sports. This massive, expressive model is distinguished by its bold design, large case and dynamic styling, perfectly fitting into the segment of prestigious statement watches. It is an offer for those who are [&hellip;]<\/p>\n","protected":false},"featured_media":144585,"template":"","meta":{"content-type":"","jetpack_publicize_message":"","jetpack_publicize_feature_enabled":true,"jetpack_social_post_already_shared":true,"jetpack_social_options":{"image_generator_settings":{"template":"highway","default_image_id":0,"font":"","enabled":false},"version":2}},"product_brand":[],"product_cat":[2371],"product_tag":[],"class_list":{"0":"post-144549","1":"product","2":"type-product","3":"status-publish","4":"has-post-thumbnail","6":"product_cat-watches-for-men","7":"pa_marka-dewitt","8":"pa_stan-zegarka-new","9":"pa_zawartosc-oferty-box-and-documents","11":"first","12":"instock","13":"sold-individually","14":"shipping-taxable","15":"purchasable","16":"product-type-simple"},"yoast_head":"<!-- This site is optimized with the Yoast SEO plugin v27.1.1 - https:\/\/yoast.com\/product\/yoast-seo-wordpress\/ -->\n<title>Dewitt Furtive Glorious Knight Chronograph Black Dial FTV.CHR.001 46 mm - LeSabre<\/title>\n<meta name=\"description\" content=\"The Breitling manufactory was founded in 1884. From the very beginning, its founder - L\u00e9on Breitling - decided to focus on the production of chronographs and other measuring instruments. All Breitling mechanisms are a guarantee of unparalleled precision of indications.\" \/>\n<meta name=\"robots\" content=\"index, follow, max-snippet:-1, max-image-preview:large, max-video-preview:-1\" \/>\n<link rel=\"canonical\" href=\"https:\/\/lesabre.pl\/en\/sklep\/furtive-glorious-knight-chronograph-black-dial-ftv-chr-001-46-mm\/\" \/>\n<meta property=\"og:locale\" content=\"en_US\" \/>\n<meta property=\"og:type\" content=\"article\" \/>\n<meta property=\"og:title\" content=\"Dewitt Furtive Glorious Knight Chronograph Black Dial FTV.CHR.001 46 mm - LeSabre\" \/>\n<meta property=\"og:description\" content=\"The Breitling manufactory was founded in 1884. From the very beginning, its founder - L\u00e9on Breitling - decided to focus on the production of chronographs and other measuring instruments. All Breitling mechanisms are a guarantee of unparalleled precision of indications.\" \/>\n<meta property=\"og:url\" content=\"https:\/\/lesabre.pl\/en\/sklep\/furtive-glorious-knight-chronograph-black-dial-ftv-chr-001-46-mm\/\" \/>\n<meta property=\"og:site_name\" content=\"LeSabre\" \/>\n<meta property=\"article:modified_time\" content=\"2026-03-17T12:47:00+00:00\" \/>\n<meta property=\"og:image\" content=\"https:\/\/lesabre.pl\/wp-content\/uploads\/2025\/05\/DSC03219.jpg\" \/>\n<meta name=\"twitter:card\" content=\"summary_large_image\" \/>\n<meta name=\"twitter:label1\" content=\"Est. reading time\" \/>\n\t<meta name=\"twitter:data1\" content=\"1 minute\" \/>\n<script type=\"application\/ld+json\" class=\"yoast-schema-graph\">{\"@context\":\"https:\/\/schema.org\",\"@graph\":[{\"@type\":\"WebPage\",\"@id\":\"https:\/\/lesabre.pl\/en\/sklep\/furtive-glorious-knight-chronograph-black-dial-ftv-chr-001-46-mm\/\",\"url\":\"https:\/\/lesabre.pl\/en\/sklep\/furtive-glorious-knight-chronograph-black-dial-ftv-chr-001-46-mm\/\",\"name\":\"Dewitt Furtive Glorious Knight Chronograph Black Dial FTV.CHR.001 46 mm - LeSabre\",\"isPartOf\":{\"@id\":\"https:\/\/lesabre.pl\/en\/#website\"},\"primaryImageOfPage\":{\"@id\":\"https:\/\/lesabre.pl\/en\/sklep\/furtive-glorious-knight-chronograph-black-dial-ftv-chr-001-46-mm\/#primaryimage\"},\"image\":{\"@id\":\"https:\/\/lesabre.pl\/en\/sklep\/furtive-glorious-knight-chronograph-black-dial-ftv-chr-001-46-mm\/#primaryimage\"},\"thumbnailUrl\":\"https:\/\/lesabre.pl\/wp-content\/uploads\/2026\/02\/IMG_7336-Edytuj.jpg\",\"datePublished\":\"2026-02-10T15:06:32+00:00\",\"dateModified\":\"2026-03-17T12:47:00+00:00\",\"description\":\"The Breitling manufactory was founded in 1884. From the very beginning, its founder - L\u00e9on Breitling - decided to focus on the production of chronographs and other measuring instruments. All Breitling mechanisms are a guarantee of unparalleled precision of indications.\",\"breadcrumb\":{\"@id\":\"https:\/\/lesabre.pl\/en\/sklep\/furtive-glorious-knight-chronograph-black-dial-ftv-chr-001-46-mm\/#breadcrumb\"},\"inLanguage\":\"en-US\",\"potentialAction\":[{\"@type\":\"ReadAction\",\"target\":[\"https:\/\/lesabre.pl\/en\/sklep\/furtive-glorious-knight-chronograph-black-dial-ftv-chr-001-46-mm\/\"]}]},{\"@type\":\"ImageObject\",\"inLanguage\":\"en-US\",\"@id\":\"https:\/\/lesabre.pl\/en\/sklep\/furtive-glorious-knight-chronograph-black-dial-ftv-chr-001-46-mm\/#primaryimage\",\"url\":\"https:\/\/lesabre.pl\/wp-content\/uploads\/2026\/02\/IMG_7336-Edytuj.jpg\",\"contentUrl\":\"https:\/\/lesabre.pl\/wp-content\/uploads\/2026\/02\/IMG_7336-Edytuj.jpg\",\"width\":1600,\"height\":1800},{\"@type\":\"BreadcrumbList\",\"@id\":\"https:\/\/lesabre.pl\/en\/sklep\/furtive-glorious-knight-chronograph-black-dial-ftv-chr-001-46-mm\/#breadcrumb\",\"itemListElement\":[{\"@type\":\"ListItem\",\"position\":1,\"name\":\"Strona g\u0142\u00f3wna\",\"item\":\"https:\/\/lesabre.pl\/en\/\"},{\"@type\":\"ListItem\",\"position\":2,\"name\":\"Shop EN\",\"item\":\"https:\/\/lesabre.pl\/shop-en\/?lang=en\"},{\"@type\":\"ListItem\",\"position\":3,\"name\":\"Furtive Glorious Knight Chronograph Black Dial FTV.CHR.001 46 mm\"}]},{\"@type\":\"WebSite\",\"@id\":\"https:\/\/lesabre.pl\/en\/#website\",\"url\":\"https:\/\/lesabre.pl\/en\/\",\"name\":\"LeSabre - Luxury Watches\",\"description\":\"Ekskluzywne i luksusowe zegarki, damskie i m\u0119skie. Oryginalne zegarki nowe i u\u017cywane\",\"publisher\":{\"@id\":\"https:\/\/lesabre.pl\/en\/#organization\"},\"alternateName\":\"LeSabre\",\"potentialAction\":[{\"@type\":\"SearchAction\",\"target\":{\"@type\":\"EntryPoint\",\"urlTemplate\":\"https:\/\/lesabre.pl\/en\/?s={search_term_string}\"},\"query-input\":{\"@type\":\"PropertyValueSpecification\",\"valueRequired\":true,\"valueName\":\"search_term_string\"}}],\"inLanguage\":\"en-US\"},{\"@type\":\"Organization\",\"@id\":\"https:\/\/lesabre.pl\/en\/#organization\",\"name\":\"Lesabre\",\"url\":\"https:\/\/lesabre.pl\/en\/\",\"logo\":{\"@type\":\"ImageObject\",\"inLanguage\":\"en-US\",\"@id\":\"https:\/\/lesabre.pl\/en\/#\/schema\/logo\/image\/\",\"url\":\"https:\/\/lesabre.pl\/wp-content\/uploads\/logo-do-reklamy.jpg\",\"contentUrl\":\"https:\/\/lesabre.pl\/wp-content\/uploads\/logo-do-reklamy.jpg\",\"width\":160,\"height\":160,\"caption\":\"Lesabre\"},\"image\":{\"@id\":\"https:\/\/lesabre.pl\/en\/#\/schema\/logo\/image\/\"}}]}<\/script>\n<!-- \/ Yoast SEO plugin. -->","yoast_head_json":{"title":"Dewitt Furtive Glorious Knight Chronograph Black Dial FTV.CHR.001 46 mm - LeSabre","description":"The Breitling manufactory was founded in 1884. From the very beginning, its founder - L\u00e9on Breitling - decided to focus on the production of chronographs and other measuring instruments. All Breitling mechanisms are a guarantee of unparalleled precision of indications.","robots":{"index":"index","follow":"follow","max-snippet":"max-snippet:-1","max-image-preview":"max-image-preview:large","max-video-preview":"max-video-preview:-1"},"canonical":"https:\/\/lesabre.pl\/en\/sklep\/furtive-glorious-knight-chronograph-black-dial-ftv-chr-001-46-mm\/","og_locale":"en_US","og_type":"article","og_title":"Dewitt Furtive Glorious Knight Chronograph Black Dial FTV.CHR.001 46 mm - LeSabre","og_description":"The Breitling manufactory was founded in 1884. From the very beginning, its founder - L\u00e9on Breitling - decided to focus on the production of chronographs and other measuring instruments. All Breitling mechanisms are a guarantee of unparalleled precision of indications.","og_url":"https:\/\/lesabre.pl\/en\/sklep\/furtive-glorious-knight-chronograph-black-dial-ftv-chr-001-46-mm\/","og_site_name":"LeSabre","article_modified_time":"2026-03-17T12:47:00+00:00","og_image":[{"url":"https:\/\/lesabre.pl\/wp-content\/uploads\/2025\/05\/DSC03219.jpg","type":"","width":"","height":""}],"twitter_card":"summary_large_image","twitter_misc":{"Est. reading time":"1 minute"},"schema":{"@context":"https:\/\/schema.org","@graph":[{"@type":"WebPage","@id":"https:\/\/lesabre.pl\/en\/sklep\/furtive-glorious-knight-chronograph-black-dial-ftv-chr-001-46-mm\/","url":"https:\/\/lesabre.pl\/en\/sklep\/furtive-glorious-knight-chronograph-black-dial-ftv-chr-001-46-mm\/","name":"Dewitt Furtive Glorious Knight Chronograph Black Dial FTV.CHR.001 46 mm - LeSabre","isPartOf":{"@id":"https:\/\/lesabre.pl\/en\/#website"},"primaryImageOfPage":{"@id":"https:\/\/lesabre.pl\/en\/sklep\/furtive-glorious-knight-chronograph-black-dial-ftv-chr-001-46-mm\/#primaryimage"},"image":{"@id":"https:\/\/lesabre.pl\/en\/sklep\/furtive-glorious-knight-chronograph-black-dial-ftv-chr-001-46-mm\/#primaryimage"},"thumbnailUrl":"https:\/\/lesabre.pl\/wp-content\/uploads\/2026\/02\/IMG_7336-Edytuj.jpg","datePublished":"2026-02-10T15:06:32+00:00","dateModified":"2026-03-17T12:47:00+00:00","description":"The Breitling manufactory was founded in 1884. From the very beginning, its founder - L\u00e9on Breitling - decided to focus on the production of chronographs and other measuring instruments. All Breitling mechanisms are a guarantee of unparalleled precision of indications.","breadcrumb":{"@id":"https:\/\/lesabre.pl\/en\/sklep\/furtive-glorious-knight-chronograph-black-dial-ftv-chr-001-46-mm\/#breadcrumb"},"inLanguage":"en-US","potentialAction":[{"@type":"ReadAction","target":["https:\/\/lesabre.pl\/en\/sklep\/furtive-glorious-knight-chronograph-black-dial-ftv-chr-001-46-mm\/"]}]},{"@type":"ImageObject","inLanguage":"en-US","@id":"https:\/\/lesabre.pl\/en\/sklep\/furtive-glorious-knight-chronograph-black-dial-ftv-chr-001-46-mm\/#primaryimage","url":"https:\/\/lesabre.pl\/wp-content\/uploads\/2026\/02\/IMG_7336-Edytuj.jpg","contentUrl":"https:\/\/lesabre.pl\/wp-content\/uploads\/2026\/02\/IMG_7336-Edytuj.jpg","width":1600,"height":1800},{"@type":"BreadcrumbList","@id":"https:\/\/lesabre.pl\/en\/sklep\/furtive-glorious-knight-chronograph-black-dial-ftv-chr-001-46-mm\/#breadcrumb","itemListElement":[{"@type":"ListItem","position":1,"name":"Strona g\u0142\u00f3wna","item":"https:\/\/lesabre.pl\/en\/"},{"@type":"ListItem","position":2,"name":"Shop EN","item":"https:\/\/lesabre.pl\/shop-en\/?lang=en"},{"@type":"ListItem","position":3,"name":"Furtive Glorious Knight Chronograph Black Dial FTV.CHR.001 46 mm"}]},{"@type":"WebSite","@id":"https:\/\/lesabre.pl\/en\/#website","url":"https:\/\/lesabre.pl\/en\/","name":"LeSabre - Luxury Watches","description":"Ekskluzywne i luksusowe zegarki, damskie i m\u0119skie. Oryginalne zegarki nowe i u\u017cywane","publisher":{"@id":"https:\/\/lesabre.pl\/en\/#organization"},"alternateName":"LeSabre","potentialAction":[{"@type":"SearchAction","target":{"@type":"EntryPoint","urlTemplate":"https:\/\/lesabre.pl\/en\/?s={search_term_string}"},"query-input":{"@type":"PropertyValueSpecification","valueRequired":true,"valueName":"search_term_string"}}],"inLanguage":"en-US"},{"@type":"Organization","@id":"https:\/\/lesabre.pl\/en\/#organization","name":"Lesabre","url":"https:\/\/lesabre.pl\/en\/","logo":{"@type":"ImageObject","inLanguage":"en-US","@id":"https:\/\/lesabre.pl\/en\/#\/schema\/logo\/image\/","url":"https:\/\/lesabre.pl\/wp-content\/uploads\/logo-do-reklamy.jpg","contentUrl":"https:\/\/lesabre.pl\/wp-content\/uploads\/logo-do-reklamy.jpg","width":160,"height":160,"caption":"Lesabre"},"image":{"@id":"https:\/\/lesabre.pl\/en\/#\/schema\/logo\/image\/"}}]}},"jetpack_publicize_connections":[],"jetpack_sharing_enabled":true,"_links":{"self":[{"href":"https:\/\/lesabre.pl\/en\/wp-json\/wp\/v2\/product\/144549","targetHints":{"allow":["GET"]}}],"collection":[{"href":"https:\/\/lesabre.pl\/en\/wp-json\/wp\/v2\/product"}],"about":[{"href":"https:\/\/lesabre.pl\/en\/wp-json\/wp\/v2\/types\/product"}],"wp:featuredmedia":[{"embeddable":true,"href":"https:\/\/lesabre.pl\/en\/wp-json\/wp\/v2\/media\/144585"}],"wp:attachment":[{"href":"https:\/\/lesabre.pl\/en\/wp-json\/wp\/v2\/media?parent=144549"}],"wp:term":[{"taxonomy":"product_brand","embeddable":true,"href":"https:\/\/lesabre.pl\/en\/wp-json\/wp\/v2\/product_brand?post=144549"},{"taxonomy":"product_cat","embeddable":true,"href":"https:\/\/lesabre.pl\/en\/wp-json\/wp\/v2\/product_cat?post=144549"},{"taxonomy":"product_tag","embeddable":true,"href":"https:\/\/lesabre.pl\/en\/wp-json\/wp\/v2\/product_tag?post=144549"}],"curies":[{"name":"wp","href":"https:\/\/api.w.org\/{rel}","templated":true}]}}