{"id":149224,"date":"2025-05-10T09:45:00","date_gmt":"2025-05-10T09:45:00","guid":{"rendered":"https:\/\/lesabre.pl\/sklep\/academia-chronostream-ii-ac-chr-001-rose-gold-42-mm\/"},"modified":"2026-03-18T08:12:18","modified_gmt":"2026-03-18T08:12:18","slug":"academia-chronostream-ii-ac-chr-001-rose-gold-42-mm","status":"publish","type":"product","link":"https:\/\/lesabre.pl\/en\/sklep\/academia-chronostream-ii-ac-chr-001-rose-gold-42-mm\/","title":{"rendered":"Academia Chronostream II AC.CHR.001 Rose Gold 42 mm"},"content":{"rendered":"<p>Original used watch, preserved in very good condition. The Academia collection is synonymous with elegance and advanced functions.   <strong>Reference number AC.CHR.001  <\/strong>Its complications include a chronograph. The watch is made of rose gold. The manufacturer has specified a waterproof rating of up to 30 meters. Comes with original box and warranty book.  <strong>First sale in 2019<\/strong><\/p>\n<p>The DeWitt brand was founded in 2003 by J\u00e9r\u00f4me de Witt, a continuation of the C\u00e9dric Johner brand, already a highly successful Swiss luxury watch manufacturer. The brand quickly gained recognition for its unique approach to the art of watchmaking. Especially famous became the spectacular series of tourbillons Myst\u00e9rieux Squelette, Force Constante and Diff\u00e9rentiel A typical design feature of many models is the gear-shaped ring. <\/p>\n","protected":false},"excerpt":{"rendered":"<p>Original used watch, preserved in very good condition. The Academia collection is synonymous with elegance and advanced functions. Reference number AC.CHR.001 Its complications include a chronograph. The watch is made of rose gold. The manufacturer has specified a waterproof rating of up to 30 meters. Comes with original box and warranty book. First sale in [&hellip;]<\/p>\n","protected":false},"featured_media":149244,"template":"","meta":{"content-type":"","jetpack_publicize_message":"","jetpack_publicize_feature_enabled":true,"jetpack_social_post_already_shared":true,"jetpack_social_options":{"image_generator_settings":{"template":"highway","default_image_id":0,"font":"","enabled":false},"version":2}},"product_brand":[],"product_cat":[2371],"product_tag":[],"class_list":{"0":"post-149224","1":"product","2":"type-product","3":"status-publish","4":"has-post-thumbnail","6":"product_cat-watches-for-men","7":"pa_marka-dewitt","8":"pa_stan-zegarka-used","9":"pa_zawartosc-oferty-box-and-documents","11":"first","12":"instock","13":"sold-individually","14":"shipping-taxable","15":"purchasable","16":"product-type-simple"},"yoast_head":"<!-- This site is optimized with the Yoast SEO plugin v27.1.1 - https:\/\/yoast.com\/product\/yoast-seo-wordpress\/ -->\n<title>Dewitt Academia Chronostream II AC.CHR.001 Rose Gold 42 mm - LeSabre<\/title>\n<meta name=\"description\" content=\"The DeWitt brand was founded in 2003 by J\u00e9r\u00f4me de Witt, a continuation of the C\u00e9dric Johner brand, already a highly successful Swiss luxury watch manufacturer. The brand quickly gained recognition for its unique approach to the art of watchmaking. Especially famous became the spectacular series of tourbillons Myst\u00e9rieux Squelette, Force Constante and Diff\u00e9rentiel A typical design feature of many models is the gear-shaped ring.\" \/>\n<meta name=\"robots\" content=\"index, follow, max-snippet:-1, max-image-preview:large, max-video-preview:-1\" \/>\n<link rel=\"canonical\" href=\"https:\/\/lesabre.pl\/en\/sklep\/academia-chronostream-ii-ac-chr-001-rose-gold-42-mm\/\" \/>\n<meta property=\"og:locale\" content=\"en_US\" \/>\n<meta property=\"og:type\" content=\"article\" \/>\n<meta property=\"og:title\" content=\"Dewitt Academia Chronostream II AC.CHR.001 Rose Gold 42 mm - LeSabre\" \/>\n<meta property=\"og:description\" content=\"The DeWitt brand was founded in 2003 by J\u00e9r\u00f4me de Witt, a continuation of the C\u00e9dric Johner brand, already a highly successful Swiss luxury watch manufacturer. The brand quickly gained recognition for its unique approach to the art of watchmaking. Especially famous became the spectacular series of tourbillons Myst\u00e9rieux Squelette, Force Constante and Diff\u00e9rentiel A typical design feature of many models is the gear-shaped ring.\" \/>\n<meta property=\"og:url\" content=\"https:\/\/lesabre.pl\/en\/sklep\/academia-chronostream-ii-ac-chr-001-rose-gold-42-mm\/\" \/>\n<meta property=\"og:site_name\" content=\"LeSabre\" \/>\n<meta property=\"article:modified_time\" content=\"2026-03-18T08:12:18+00:00\" \/>\n<meta property=\"og:image\" content=\"https:\/\/lesabre.pl\/wp-content\/uploads\/2025\/05\/DSC03205.jpg\" \/>\n<meta name=\"twitter:card\" content=\"summary_large_image\" \/>\n<meta name=\"twitter:label1\" content=\"Est. reading time\" \/>\n\t<meta name=\"twitter:data1\" content=\"1 minute\" \/>\n<script type=\"application\/ld+json\" class=\"yoast-schema-graph\">{\"@context\":\"https:\/\/schema.org\",\"@graph\":[{\"@type\":\"WebPage\",\"@id\":\"https:\/\/lesabre.pl\/en\/sklep\/academia-chronostream-ii-ac-chr-001-rose-gold-42-mm\/\",\"url\":\"https:\/\/lesabre.pl\/en\/sklep\/academia-chronostream-ii-ac-chr-001-rose-gold-42-mm\/\",\"name\":\"Dewitt Academia Chronostream II AC.CHR.001 Rose Gold 42 mm - LeSabre\",\"isPartOf\":{\"@id\":\"https:\/\/lesabre.pl\/en\/#website\"},\"primaryImageOfPage\":{\"@id\":\"https:\/\/lesabre.pl\/en\/sklep\/academia-chronostream-ii-ac-chr-001-rose-gold-42-mm\/#primaryimage\"},\"image\":{\"@id\":\"https:\/\/lesabre.pl\/en\/sklep\/academia-chronostream-ii-ac-chr-001-rose-gold-42-mm\/#primaryimage\"},\"thumbnailUrl\":\"https:\/\/lesabre.pl\/wp-content\/uploads\/2025\/05\/c1-20.jpg\",\"datePublished\":\"2025-05-10T09:45:00+00:00\",\"dateModified\":\"2026-03-18T08:12:18+00:00\",\"description\":\"The DeWitt brand was founded in 2003 by J\u00e9r\u00f4me de Witt, a continuation of the C\u00e9dric Johner brand, already a highly successful Swiss luxury watch manufacturer. The brand quickly gained recognition for its unique approach to the art of watchmaking. Especially famous became the spectacular series of tourbillons Myst\u00e9rieux Squelette, Force Constante and Diff\u00e9rentiel A typical design feature of many models is the gear-shaped ring.\",\"breadcrumb\":{\"@id\":\"https:\/\/lesabre.pl\/en\/sklep\/academia-chronostream-ii-ac-chr-001-rose-gold-42-mm\/#breadcrumb\"},\"inLanguage\":\"en-US\",\"potentialAction\":[{\"@type\":\"ReadAction\",\"target\":[\"https:\/\/lesabre.pl\/en\/sklep\/academia-chronostream-ii-ac-chr-001-rose-gold-42-mm\/\"]}]},{\"@type\":\"ImageObject\",\"inLanguage\":\"en-US\",\"@id\":\"https:\/\/lesabre.pl\/en\/sklep\/academia-chronostream-ii-ac-chr-001-rose-gold-42-mm\/#primaryimage\",\"url\":\"https:\/\/lesabre.pl\/wp-content\/uploads\/2025\/05\/c1-20.jpg\",\"contentUrl\":\"https:\/\/lesabre.pl\/wp-content\/uploads\/2025\/05\/c1-20.jpg\",\"width\":1600,\"height\":1800},{\"@type\":\"BreadcrumbList\",\"@id\":\"https:\/\/lesabre.pl\/en\/sklep\/academia-chronostream-ii-ac-chr-001-rose-gold-42-mm\/#breadcrumb\",\"itemListElement\":[{\"@type\":\"ListItem\",\"position\":1,\"name\":\"Strona g\u0142\u00f3wna\",\"item\":\"https:\/\/lesabre.pl\/en\/\"},{\"@type\":\"ListItem\",\"position\":2,\"name\":\"Shop EN\",\"item\":\"https:\/\/lesabre.pl\/shop-en\/?lang=en\"},{\"@type\":\"ListItem\",\"position\":3,\"name\":\"Academia Chronostream II AC.CHR.001 Rose Gold 42 mm\"}]},{\"@type\":\"WebSite\",\"@id\":\"https:\/\/lesabre.pl\/en\/#website\",\"url\":\"https:\/\/lesabre.pl\/en\/\",\"name\":\"LeSabre - Luxury Watches\",\"description\":\"Ekskluzywne i luksusowe zegarki, damskie i m\u0119skie. Oryginalne zegarki nowe i u\u017cywane\",\"publisher\":{\"@id\":\"https:\/\/lesabre.pl\/en\/#organization\"},\"alternateName\":\"LeSabre\",\"potentialAction\":[{\"@type\":\"SearchAction\",\"target\":{\"@type\":\"EntryPoint\",\"urlTemplate\":\"https:\/\/lesabre.pl\/en\/?s={search_term_string}\"},\"query-input\":{\"@type\":\"PropertyValueSpecification\",\"valueRequired\":true,\"valueName\":\"search_term_string\"}}],\"inLanguage\":\"en-US\"},{\"@type\":\"Organization\",\"@id\":\"https:\/\/lesabre.pl\/en\/#organization\",\"name\":\"Lesabre\",\"url\":\"https:\/\/lesabre.pl\/en\/\",\"logo\":{\"@type\":\"ImageObject\",\"inLanguage\":\"en-US\",\"@id\":\"https:\/\/lesabre.pl\/en\/#\/schema\/logo\/image\/\",\"url\":\"https:\/\/lesabre.pl\/wp-content\/uploads\/logo-do-reklamy.jpg\",\"contentUrl\":\"https:\/\/lesabre.pl\/wp-content\/uploads\/logo-do-reklamy.jpg\",\"width\":160,\"height\":160,\"caption\":\"Lesabre\"},\"image\":{\"@id\":\"https:\/\/lesabre.pl\/en\/#\/schema\/logo\/image\/\"}}]}<\/script>\n<!-- \/ Yoast SEO plugin. -->","yoast_head_json":{"title":"Dewitt Academia Chronostream II AC.CHR.001 Rose Gold 42 mm - LeSabre","description":"The DeWitt brand was founded in 2003 by J\u00e9r\u00f4me de Witt, a continuation of the C\u00e9dric Johner brand, already a highly successful Swiss luxury watch manufacturer. The brand quickly gained recognition for its unique approach to the art of watchmaking. Especially famous became the spectacular series of tourbillons Myst\u00e9rieux Squelette, Force Constante and Diff\u00e9rentiel A typical design feature of many models is the gear-shaped ring.","robots":{"index":"index","follow":"follow","max-snippet":"max-snippet:-1","max-image-preview":"max-image-preview:large","max-video-preview":"max-video-preview:-1"},"canonical":"https:\/\/lesabre.pl\/en\/sklep\/academia-chronostream-ii-ac-chr-001-rose-gold-42-mm\/","og_locale":"en_US","og_type":"article","og_title":"Dewitt Academia Chronostream II AC.CHR.001 Rose Gold 42 mm - LeSabre","og_description":"The DeWitt brand was founded in 2003 by J\u00e9r\u00f4me de Witt, a continuation of the C\u00e9dric Johner brand, already a highly successful Swiss luxury watch manufacturer. The brand quickly gained recognition for its unique approach to the art of watchmaking. Especially famous became the spectacular series of tourbillons Myst\u00e9rieux Squelette, Force Constante and Diff\u00e9rentiel A typical design feature of many models is the gear-shaped ring.","og_url":"https:\/\/lesabre.pl\/en\/sklep\/academia-chronostream-ii-ac-chr-001-rose-gold-42-mm\/","og_site_name":"LeSabre","article_modified_time":"2026-03-18T08:12:18+00:00","og_image":[{"url":"https:\/\/lesabre.pl\/wp-content\/uploads\/2025\/05\/DSC03205.jpg","type":"","width":"","height":""}],"twitter_card":"summary_large_image","twitter_misc":{"Est. reading time":"1 minute"},"schema":{"@context":"https:\/\/schema.org","@graph":[{"@type":"WebPage","@id":"https:\/\/lesabre.pl\/en\/sklep\/academia-chronostream-ii-ac-chr-001-rose-gold-42-mm\/","url":"https:\/\/lesabre.pl\/en\/sklep\/academia-chronostream-ii-ac-chr-001-rose-gold-42-mm\/","name":"Dewitt Academia Chronostream II AC.CHR.001 Rose Gold 42 mm - LeSabre","isPartOf":{"@id":"https:\/\/lesabre.pl\/en\/#website"},"primaryImageOfPage":{"@id":"https:\/\/lesabre.pl\/en\/sklep\/academia-chronostream-ii-ac-chr-001-rose-gold-42-mm\/#primaryimage"},"image":{"@id":"https:\/\/lesabre.pl\/en\/sklep\/academia-chronostream-ii-ac-chr-001-rose-gold-42-mm\/#primaryimage"},"thumbnailUrl":"https:\/\/lesabre.pl\/wp-content\/uploads\/2025\/05\/c1-20.jpg","datePublished":"2025-05-10T09:45:00+00:00","dateModified":"2026-03-18T08:12:18+00:00","description":"The DeWitt brand was founded in 2003 by J\u00e9r\u00f4me de Witt, a continuation of the C\u00e9dric Johner brand, already a highly successful Swiss luxury watch manufacturer. The brand quickly gained recognition for its unique approach to the art of watchmaking. Especially famous became the spectacular series of tourbillons Myst\u00e9rieux Squelette, Force Constante and Diff\u00e9rentiel A typical design feature of many models is the gear-shaped ring.","breadcrumb":{"@id":"https:\/\/lesabre.pl\/en\/sklep\/academia-chronostream-ii-ac-chr-001-rose-gold-42-mm\/#breadcrumb"},"inLanguage":"en-US","potentialAction":[{"@type":"ReadAction","target":["https:\/\/lesabre.pl\/en\/sklep\/academia-chronostream-ii-ac-chr-001-rose-gold-42-mm\/"]}]},{"@type":"ImageObject","inLanguage":"en-US","@id":"https:\/\/lesabre.pl\/en\/sklep\/academia-chronostream-ii-ac-chr-001-rose-gold-42-mm\/#primaryimage","url":"https:\/\/lesabre.pl\/wp-content\/uploads\/2025\/05\/c1-20.jpg","contentUrl":"https:\/\/lesabre.pl\/wp-content\/uploads\/2025\/05\/c1-20.jpg","width":1600,"height":1800},{"@type":"BreadcrumbList","@id":"https:\/\/lesabre.pl\/en\/sklep\/academia-chronostream-ii-ac-chr-001-rose-gold-42-mm\/#breadcrumb","itemListElement":[{"@type":"ListItem","position":1,"name":"Strona g\u0142\u00f3wna","item":"https:\/\/lesabre.pl\/en\/"},{"@type":"ListItem","position":2,"name":"Shop EN","item":"https:\/\/lesabre.pl\/shop-en\/?lang=en"},{"@type":"ListItem","position":3,"name":"Academia Chronostream II AC.CHR.001 Rose Gold 42 mm"}]},{"@type":"WebSite","@id":"https:\/\/lesabre.pl\/en\/#website","url":"https:\/\/lesabre.pl\/en\/","name":"LeSabre - Luxury Watches","description":"Ekskluzywne i luksusowe zegarki, damskie i m\u0119skie. Oryginalne zegarki nowe i u\u017cywane","publisher":{"@id":"https:\/\/lesabre.pl\/en\/#organization"},"alternateName":"LeSabre","potentialAction":[{"@type":"SearchAction","target":{"@type":"EntryPoint","urlTemplate":"https:\/\/lesabre.pl\/en\/?s={search_term_string}"},"query-input":{"@type":"PropertyValueSpecification","valueRequired":true,"valueName":"search_term_string"}}],"inLanguage":"en-US"},{"@type":"Organization","@id":"https:\/\/lesabre.pl\/en\/#organization","name":"Lesabre","url":"https:\/\/lesabre.pl\/en\/","logo":{"@type":"ImageObject","inLanguage":"en-US","@id":"https:\/\/lesabre.pl\/en\/#\/schema\/logo\/image\/","url":"https:\/\/lesabre.pl\/wp-content\/uploads\/logo-do-reklamy.jpg","contentUrl":"https:\/\/lesabre.pl\/wp-content\/uploads\/logo-do-reklamy.jpg","width":160,"height":160,"caption":"Lesabre"},"image":{"@id":"https:\/\/lesabre.pl\/en\/#\/schema\/logo\/image\/"}}]}},"jetpack_publicize_connections":[],"jetpack_sharing_enabled":true,"_links":{"self":[{"href":"https:\/\/lesabre.pl\/en\/wp-json\/wp\/v2\/product\/149224","targetHints":{"allow":["GET"]}}],"collection":[{"href":"https:\/\/lesabre.pl\/en\/wp-json\/wp\/v2\/product"}],"about":[{"href":"https:\/\/lesabre.pl\/en\/wp-json\/wp\/v2\/types\/product"}],"wp:featuredmedia":[{"embeddable":true,"href":"https:\/\/lesabre.pl\/en\/wp-json\/wp\/v2\/media\/149244"}],"wp:attachment":[{"href":"https:\/\/lesabre.pl\/en\/wp-json\/wp\/v2\/media?parent=149224"}],"wp:term":[{"taxonomy":"product_brand","embeddable":true,"href":"https:\/\/lesabre.pl\/en\/wp-json\/wp\/v2\/product_brand?post=149224"},{"taxonomy":"product_cat","embeddable":true,"href":"https:\/\/lesabre.pl\/en\/wp-json\/wp\/v2\/product_cat?post=149224"},{"taxonomy":"product_tag","embeddable":true,"href":"https:\/\/lesabre.pl\/en\/wp-json\/wp\/v2\/product_tag?post=149224"}],"curies":[{"name":"wp","href":"https:\/\/api.w.org\/{rel}","templated":true}]}}