{"id":149828,"date":"2023-04-09T17:10:30","date_gmt":"2023-04-09T17:10:30","guid":{"rendered":"https:\/\/lesabre.pl\/sklep\/original-panomaticdate-18k-rose-gold\/"},"modified":"2026-03-18T08:44:19","modified_gmt":"2026-03-18T08:44:19","slug":"original-panomaticdate-18k-rose-gold","status":"publish","type":"product","link":"https:\/\/lesabre.pl\/en\/sklep\/original-panomaticdate-18k-rose-gold\/","title":{"rendered":"Original PanoMaticDate 18K Rose Gold"},"content":{"rendered":"<p>Original used watch, the condition of the watch very good. The manufacturer specified a waterproof rating of up to 30 meters.<\/p>\n<p><strong>Reference number 9001010104.<\/strong> Its complications include a date stamp. Comes with the original box and a set of documents. <strong> First sale in 2004.<\/strong><\/p>\n<p>The Glash\u00fctte manufactory was founded in 1951 &#8211; better known as GUB &#8211; or Glash\u00fctter Uhrenbetriebe. The company was formed by merging several smaller factories and companies that manufactured watches or their components. During the Cold War, GUB produced sizable quantities of watches, which are still appreciated today.  <\/p>\n","protected":false},"excerpt":{"rendered":"<p>Original used watch, the condition of the watch very good. The manufacturer specified a waterproof rating of up to 30 meters. Reference number 9001010104. Its complications include a date stamp. Comes with the original box and a set of documents. First sale in 2004. The Glash\u00fctte manufactory was founded in 1951 &#8211; better known as [&hellip;]<\/p>\n","protected":false},"featured_media":9414,"template":"","meta":{"content-type":"","jetpack_publicize_message":"","jetpack_publicize_feature_enabled":true,"jetpack_social_post_already_shared":true,"jetpack_social_options":{"image_generator_settings":{"template":"highway","default_image_id":0,"font":"","enabled":false},"version":2}},"product_brand":[],"product_cat":[2371],"product_tag":[],"class_list":{"0":"post-149828","1":"product","2":"type-product","3":"status-publish","4":"has-post-thumbnail","6":"product_cat-watches-for-men","7":"pa_marka-glashutte","8":"pa_stan-zegarka-used","9":"pa_zawartosc-oferty-box-and-documents","11":"first","12":"instock","13":"sale","14":"sold-individually","15":"shipping-taxable","16":"purchasable","17":"product-type-simple"},"yoast_head":"<!-- This site is optimized with the Yoast SEO plugin v27.1.1 - https:\/\/yoast.com\/product\/yoast-seo-wordpress\/ -->\n<title>GLASH\u00dcTTE Original PanoMaticDate 18K Rose Gold - LeSabre<\/title>\n<meta name=\"description\" content=\"The Glash\u00fctte manufactory was founded in 1951 - better known as GUB - or Glash\u00fctter Uhrenbetriebe. The company was formed by merging several smaller factories and companies that manufactured watches or their components. During the Cold War, GUB produced sizable quantities of watches, which are still appreciated today.\" \/>\n<meta name=\"robots\" content=\"index, follow, max-snippet:-1, max-image-preview:large, max-video-preview:-1\" \/>\n<link rel=\"canonical\" href=\"https:\/\/lesabre.pl\/en\/sklep\/original-panomaticdate-18k-rose-gold\/\" \/>\n<meta property=\"og:locale\" content=\"en_US\" \/>\n<meta property=\"og:type\" content=\"article\" \/>\n<meta property=\"og:title\" content=\"GLASH\u00dcTTE Original PanoMaticDate 18K Rose Gold - LeSabre\" \/>\n<meta property=\"og:description\" content=\"The Glash\u00fctte manufactory was founded in 1951 - better known as GUB - or Glash\u00fctter Uhrenbetriebe. The company was formed by merging several smaller factories and companies that manufactured watches or their components. During the Cold War, GUB produced sizable quantities of watches, which are still appreciated today.\" \/>\n<meta property=\"og:url\" content=\"https:\/\/lesabre.pl\/en\/sklep\/original-panomaticdate-18k-rose-gold\/\" \/>\n<meta property=\"og:site_name\" content=\"LeSabre\" \/>\n<meta property=\"article:modified_time\" content=\"2026-03-18T08:44:19+00:00\" \/>\n<meta property=\"og:image\" content=\"https:\/\/lesabre.pl\/wp-content\/uploads\/DSC07666.jpg\" \/>\n<meta name=\"twitter:card\" content=\"summary_large_image\" \/>\n<script type=\"application\/ld+json\" class=\"yoast-schema-graph\">{\"@context\":\"https:\/\/schema.org\",\"@graph\":[{\"@type\":\"WebPage\",\"@id\":\"https:\/\/lesabre.pl\/en\/sklep\/original-panomaticdate-18k-rose-gold\/\",\"url\":\"https:\/\/lesabre.pl\/en\/sklep\/original-panomaticdate-18k-rose-gold\/\",\"name\":\"GLASH\u00dcTTE Original PanoMaticDate 18K Rose Gold - LeSabre\",\"isPartOf\":{\"@id\":\"https:\/\/lesabre.pl\/en\/#website\"},\"primaryImageOfPage\":{\"@id\":\"https:\/\/lesabre.pl\/en\/sklep\/original-panomaticdate-18k-rose-gold\/#primaryimage\"},\"image\":{\"@id\":\"https:\/\/lesabre.pl\/en\/sklep\/original-panomaticdate-18k-rose-gold\/#primaryimage\"},\"thumbnailUrl\":\"https:\/\/lesabre.pl\/wp-content\/uploads\/IMG_5502.jpg\",\"datePublished\":\"2023-04-09T17:10:30+00:00\",\"dateModified\":\"2026-03-18T08:44:19+00:00\",\"description\":\"The Glash\u00fctte manufactory was founded in 1951 - better known as GUB - or Glash\u00fctter Uhrenbetriebe. The company was formed by merging several smaller factories and companies that manufactured watches or their components. During the Cold War, GUB produced sizable quantities of watches, which are still appreciated today.\",\"breadcrumb\":{\"@id\":\"https:\/\/lesabre.pl\/en\/sklep\/original-panomaticdate-18k-rose-gold\/#breadcrumb\"},\"inLanguage\":\"en-US\",\"potentialAction\":[{\"@type\":\"ReadAction\",\"target\":[\"https:\/\/lesabre.pl\/en\/sklep\/original-panomaticdate-18k-rose-gold\/\"]}]},{\"@type\":\"ImageObject\",\"inLanguage\":\"en-US\",\"@id\":\"https:\/\/lesabre.pl\/en\/sklep\/original-panomaticdate-18k-rose-gold\/#primaryimage\",\"url\":\"https:\/\/lesabre.pl\/wp-content\/uploads\/IMG_5502.jpg\",\"contentUrl\":\"https:\/\/lesabre.pl\/wp-content\/uploads\/IMG_5502.jpg\",\"width\":1558,\"height\":1638},{\"@type\":\"BreadcrumbList\",\"@id\":\"https:\/\/lesabre.pl\/en\/sklep\/original-panomaticdate-18k-rose-gold\/#breadcrumb\",\"itemListElement\":[{\"@type\":\"ListItem\",\"position\":1,\"name\":\"Strona g\u0142\u00f3wna\",\"item\":\"https:\/\/lesabre.pl\/en\/\"},{\"@type\":\"ListItem\",\"position\":2,\"name\":\"Shop EN\",\"item\":\"https:\/\/lesabre.pl\/shop-en\/?lang=en\"},{\"@type\":\"ListItem\",\"position\":3,\"name\":\"Original PanoMaticDate 18K Rose Gold\"}]},{\"@type\":\"WebSite\",\"@id\":\"https:\/\/lesabre.pl\/en\/#website\",\"url\":\"https:\/\/lesabre.pl\/en\/\",\"name\":\"LeSabre - Luxury Watches\",\"description\":\"Ekskluzywne i luksusowe zegarki, damskie i m\u0119skie. Oryginalne zegarki nowe i u\u017cywane\",\"publisher\":{\"@id\":\"https:\/\/lesabre.pl\/en\/#organization\"},\"alternateName\":\"LeSabre\",\"potentialAction\":[{\"@type\":\"SearchAction\",\"target\":{\"@type\":\"EntryPoint\",\"urlTemplate\":\"https:\/\/lesabre.pl\/en\/?s={search_term_string}\"},\"query-input\":{\"@type\":\"PropertyValueSpecification\",\"valueRequired\":true,\"valueName\":\"search_term_string\"}}],\"inLanguage\":\"en-US\"},{\"@type\":\"Organization\",\"@id\":\"https:\/\/lesabre.pl\/en\/#organization\",\"name\":\"Lesabre\",\"url\":\"https:\/\/lesabre.pl\/en\/\",\"logo\":{\"@type\":\"ImageObject\",\"inLanguage\":\"en-US\",\"@id\":\"https:\/\/lesabre.pl\/en\/#\/schema\/logo\/image\/\",\"url\":\"https:\/\/lesabre.pl\/wp-content\/uploads\/logo-do-reklamy.jpg\",\"contentUrl\":\"https:\/\/lesabre.pl\/wp-content\/uploads\/logo-do-reklamy.jpg\",\"width\":160,\"height\":160,\"caption\":\"Lesabre\"},\"image\":{\"@id\":\"https:\/\/lesabre.pl\/en\/#\/schema\/logo\/image\/\"}}]}<\/script>\n<!-- \/ Yoast SEO plugin. -->","yoast_head_json":{"title":"GLASH\u00dcTTE Original PanoMaticDate 18K Rose Gold - LeSabre","description":"The Glash\u00fctte manufactory was founded in 1951 - better known as GUB - or Glash\u00fctter Uhrenbetriebe. The company was formed by merging several smaller factories and companies that manufactured watches or their components. During the Cold War, GUB produced sizable quantities of watches, which are still appreciated today.","robots":{"index":"index","follow":"follow","max-snippet":"max-snippet:-1","max-image-preview":"max-image-preview:large","max-video-preview":"max-video-preview:-1"},"canonical":"https:\/\/lesabre.pl\/en\/sklep\/original-panomaticdate-18k-rose-gold\/","og_locale":"en_US","og_type":"article","og_title":"GLASH\u00dcTTE Original PanoMaticDate 18K Rose Gold - LeSabre","og_description":"The Glash\u00fctte manufactory was founded in 1951 - better known as GUB - or Glash\u00fctter Uhrenbetriebe. The company was formed by merging several smaller factories and companies that manufactured watches or their components. During the Cold War, GUB produced sizable quantities of watches, which are still appreciated today.","og_url":"https:\/\/lesabre.pl\/en\/sklep\/original-panomaticdate-18k-rose-gold\/","og_site_name":"LeSabre","article_modified_time":"2026-03-18T08:44:19+00:00","og_image":[{"url":"https:\/\/lesabre.pl\/wp-content\/uploads\/DSC07666.jpg","type":"","width":"","height":""}],"twitter_card":"summary_large_image","schema":{"@context":"https:\/\/schema.org","@graph":[{"@type":"WebPage","@id":"https:\/\/lesabre.pl\/en\/sklep\/original-panomaticdate-18k-rose-gold\/","url":"https:\/\/lesabre.pl\/en\/sklep\/original-panomaticdate-18k-rose-gold\/","name":"GLASH\u00dcTTE Original PanoMaticDate 18K Rose Gold - LeSabre","isPartOf":{"@id":"https:\/\/lesabre.pl\/en\/#website"},"primaryImageOfPage":{"@id":"https:\/\/lesabre.pl\/en\/sklep\/original-panomaticdate-18k-rose-gold\/#primaryimage"},"image":{"@id":"https:\/\/lesabre.pl\/en\/sklep\/original-panomaticdate-18k-rose-gold\/#primaryimage"},"thumbnailUrl":"https:\/\/lesabre.pl\/wp-content\/uploads\/IMG_5502.jpg","datePublished":"2023-04-09T17:10:30+00:00","dateModified":"2026-03-18T08:44:19+00:00","description":"The Glash\u00fctte manufactory was founded in 1951 - better known as GUB - or Glash\u00fctter Uhrenbetriebe. The company was formed by merging several smaller factories and companies that manufactured watches or their components. During the Cold War, GUB produced sizable quantities of watches, which are still appreciated today.","breadcrumb":{"@id":"https:\/\/lesabre.pl\/en\/sklep\/original-panomaticdate-18k-rose-gold\/#breadcrumb"},"inLanguage":"en-US","potentialAction":[{"@type":"ReadAction","target":["https:\/\/lesabre.pl\/en\/sklep\/original-panomaticdate-18k-rose-gold\/"]}]},{"@type":"ImageObject","inLanguage":"en-US","@id":"https:\/\/lesabre.pl\/en\/sklep\/original-panomaticdate-18k-rose-gold\/#primaryimage","url":"https:\/\/lesabre.pl\/wp-content\/uploads\/IMG_5502.jpg","contentUrl":"https:\/\/lesabre.pl\/wp-content\/uploads\/IMG_5502.jpg","width":1558,"height":1638},{"@type":"BreadcrumbList","@id":"https:\/\/lesabre.pl\/en\/sklep\/original-panomaticdate-18k-rose-gold\/#breadcrumb","itemListElement":[{"@type":"ListItem","position":1,"name":"Strona g\u0142\u00f3wna","item":"https:\/\/lesabre.pl\/en\/"},{"@type":"ListItem","position":2,"name":"Shop EN","item":"https:\/\/lesabre.pl\/shop-en\/?lang=en"},{"@type":"ListItem","position":3,"name":"Original PanoMaticDate 18K Rose Gold"}]},{"@type":"WebSite","@id":"https:\/\/lesabre.pl\/en\/#website","url":"https:\/\/lesabre.pl\/en\/","name":"LeSabre - Luxury Watches","description":"Ekskluzywne i luksusowe zegarki, damskie i m\u0119skie. Oryginalne zegarki nowe i u\u017cywane","publisher":{"@id":"https:\/\/lesabre.pl\/en\/#organization"},"alternateName":"LeSabre","potentialAction":[{"@type":"SearchAction","target":{"@type":"EntryPoint","urlTemplate":"https:\/\/lesabre.pl\/en\/?s={search_term_string}"},"query-input":{"@type":"PropertyValueSpecification","valueRequired":true,"valueName":"search_term_string"}}],"inLanguage":"en-US"},{"@type":"Organization","@id":"https:\/\/lesabre.pl\/en\/#organization","name":"Lesabre","url":"https:\/\/lesabre.pl\/en\/","logo":{"@type":"ImageObject","inLanguage":"en-US","@id":"https:\/\/lesabre.pl\/en\/#\/schema\/logo\/image\/","url":"https:\/\/lesabre.pl\/wp-content\/uploads\/logo-do-reklamy.jpg","contentUrl":"https:\/\/lesabre.pl\/wp-content\/uploads\/logo-do-reklamy.jpg","width":160,"height":160,"caption":"Lesabre"},"image":{"@id":"https:\/\/lesabre.pl\/en\/#\/schema\/logo\/image\/"}}]}},"jetpack_publicize_connections":[],"jetpack_sharing_enabled":true,"_links":{"self":[{"href":"https:\/\/lesabre.pl\/en\/wp-json\/wp\/v2\/product\/149828","targetHints":{"allow":["GET"]}}],"collection":[{"href":"https:\/\/lesabre.pl\/en\/wp-json\/wp\/v2\/product"}],"about":[{"href":"https:\/\/lesabre.pl\/en\/wp-json\/wp\/v2\/types\/product"}],"wp:featuredmedia":[{"embeddable":true,"href":"https:\/\/lesabre.pl\/en\/wp-json\/wp\/v2\/media\/9414"}],"wp:attachment":[{"href":"https:\/\/lesabre.pl\/en\/wp-json\/wp\/v2\/media?parent=149828"}],"wp:term":[{"taxonomy":"product_brand","embeddable":true,"href":"https:\/\/lesabre.pl\/en\/wp-json\/wp\/v2\/product_brand?post=149828"},{"taxonomy":"product_cat","embeddable":true,"href":"https:\/\/lesabre.pl\/en\/wp-json\/wp\/v2\/product_cat?post=149828"},{"taxonomy":"product_tag","embeddable":true,"href":"https:\/\/lesabre.pl\/en\/wp-json\/wp\/v2\/product_tag?post=149828"}],"curies":[{"name":"wp","href":"https:\/\/api.w.org\/{rel}","templated":true}]}}